{"id":210,"date":"2020-09-20T07:40:18","date_gmt":"2020-09-20T07:40:18","guid":{"rendered":"http:\/\/wp.naturheilpraxis-annegrayer.de\/?page_id=210"},"modified":"2021-02-17T19:07:26","modified_gmt":"2021-02-17T19:07:26","slug":"clone-of-yoga","status":"publish","type":"page","link":"https:\/\/www.naturheilpraxis-annegrayer.de\/?page_id=210","title":{"rendered":"Bewango"},"content":{"rendered":"<h2 style=\"\">Was ist Bewango?&nbsp;<\/h2>\n<p style=\"text-align: justify;\"><a href=\"https:\/\/www.bewango.de\" target=\"_blank\" rel=\"noopener noreferrer\">Bewango<\/a> ist ein ganzheitliches Konzept zur <strong>Steigerung der mentalen Leistungsf\u00e4higkeit<\/strong> und der <strong>Lebensqualit\u00e4t<\/strong>. Unser Gehirn \u2013 unser unglaublich komplexes Denkorgan \u2013 ist Dreh- und Angelpunkt aller psychischen und physischen Abl\u00e4ufe.<\/p>\n<p style=\"text-align: justify;\">Bei bewango steht das Gesundheitsverhalten im Vordergrund, um beispielsweise Stress anders zu begegnen oder die mentale Leistungsf\u00e4higkeit zu st\u00e4rken. Nicht Entschleunigung, sondern Aktivit\u00e4t ist der wichtige Bestandteil.<\/p>\n<h3 style=\"\">Das Konzept<\/h3>\n<p style=\"\">Das <strong>Basiskonzept von bewango<\/strong> stammt urspr\u00fcnglich aus dem <strong>Hochleistungssport<\/strong>. Damit ein Sportler im Wettkampf zur Hochform auflaufen kann, muss er nicht nur hart trainieren, sondern auf seine gesamte Lebensf\u00fchrung achten \u2013 der ganzheitliche Ansatz ist wichtig:<\/p>\n<p style=\"\"><strong>K\u00f6rper, Geist und Verhalten<\/strong> sind keine isolierten Ph\u00e4nomene, sondern einander wechselseitig bedingende und beeinflussende Momente eines Ganzen, deren Schnittstelle das Gehirn ist.<\/p>\n<p style=\"\"><strong><span style=\"color: var(ca1c1);\">In kurz:&nbsp;<\/span><\/strong>Bewango sch\u00e4rft das Bewusstsein f\u00fcr den ganzheitlichen Zusammenhang zwischen Ern\u00e4hrung, Bewegung, Erholung, kognitiver Leistungsf\u00e4higkeit und seelischem Wollbefinden.&nbsp;<strong><em><\/em><\/strong><\/p>\n<h2 style=\"\"><strong>3 gute Gr\u00fcnde mit Bewango anzufangen<\/strong><\/h2>\n<p style=\"\">Wenn die folgenden Punkte Sie interessieren und auf Sie zutreffen, dann ist Bewango die L\u00f6sung f\u00fcr Sie!&nbsp;<\/p>\n<p>01<\/p>\n<p style=\"\"><strong><span style=\"\">Das Gehirn zu trainieren<\/span><\/strong>: unser heutiges Leben erfordert immer mehr Wendigkeit\/Schnelligkeit. Dennoch benutzen wir unser Gehirn \/wie unsere Muskeln) immer weniger&#8230;oder zumindest einseitiger. Bewango fordert und f\u00f6rdert unser Gehirn, durch \u00dcbungen, die Gleichzeitig unser Gehirn und K\u00f6rper mobilisieren.<\/p>\n<p>02<\/p>\n<p style=\"\"><strong>Stressbew\u00e4ltigung<\/strong>:<\/p>\n<p style=\"\">wenn unser Gehirn schneller reagiert, sind wir widerstandsf\u00e4higer.<\/p>\n<p>03<\/p>\n<p style=\"\"><strong>Es ist spielerisch, ist einfach und macht Spa\u00df!<\/strong><\/p>\n<p style=\"\">\n<p><span><img decoding=\"async\" alt=\"\" data-id=\"218\" width=\"263\" data-init-width=\"930\" height=\"49\" data-init-height=\"172\" title=\"bewango-Logo\" loading=\"lazy\" src=\"\/\/wp.naturheilpraxis-annegrayer.de\/wp-content\/uploads\/2020\/09\/bewango-Logo.png\" data-width=\"263\" data-height=\"49\"><\/span><\/p>\n<h3 style=\"\"><strong>Wollen Sie mehr erfahren?<\/strong><\/h3>\n<p>Haben Sie noch Fragen zu der Bewango Methode? Z\u00f6gern Sie nicht mich zu kontaktieren!<\/p>\n","protected":false},"excerpt":{"rendered":"<p>Was ist Bewango?&nbsp; Bewango ist ein ganzheitliches Konzept zur Steigerung der mentalen Leistungsf\u00e4higkeit und der Lebensqualit\u00e4t. Unser Gehirn \u2013 unser unglaublich komplexes Denkorgan \u2013 ist Dreh- und Angelpunkt aller psychischen und physischen Abl\u00e4ufe. Bei bewango steht das Gesundheitsverhalten im Vordergrund, um beispielsweise Stress anders zu begegnen oder die mentale Leistungsf\u00e4higkeit zu st\u00e4rken. Nicht Entschleunigung, sondern [&hellip;]<\/p>\n","protected":false},"author":1,"featured_media":0,"parent":0,"menu_order":0,"comment_status":"closed","ping_status":"closed","template":"","meta":{"footnotes":"","tve_updated_post":"","tve_custom_css":"","tve_user_custom_css":"","tve_globals":{},"tcb2_ready":1,"tcb_editor_enabled":1,"tve_landing_page":"tcb2-blank-page","_tve_header":"14","_tve_footer":"15"},"class_list":["post-210","page","type-page","status-publish","hentry","post-wrapper","thrv_wrapper"],"_links":{"self":[{"href":"https:\/\/www.naturheilpraxis-annegrayer.de\/index.php?rest_route=\/wp\/v2\/pages\/210","targetHints":{"allow":["GET"]}}],"collection":[{"href":"https:\/\/www.naturheilpraxis-annegrayer.de\/index.php?rest_route=\/wp\/v2\/pages"}],"about":[{"href":"https:\/\/www.naturheilpraxis-annegrayer.de\/index.php?rest_route=\/wp\/v2\/types\/page"}],"author":[{"embeddable":true,"href":"https:\/\/www.naturheilpraxis-annegrayer.de\/index.php?rest_route=\/wp\/v2\/users\/1"}],"replies":[{"embeddable":true,"href":"https:\/\/www.naturheilpraxis-annegrayer.de\/index.php?rest_route=%2Fwp%2Fv2%2Fcomments&post=210"}],"version-history":[{"count":21,"href":"https:\/\/www.naturheilpraxis-annegrayer.de\/index.php?rest_route=\/wp\/v2\/pages\/210\/revisions"}],"predecessor-version":[{"id":983,"href":"https:\/\/www.naturheilpraxis-annegrayer.de\/index.php?rest_route=\/wp\/v2\/pages\/210\/revisions\/983"}],"wp:attachment":[{"href":"https:\/\/www.naturheilpraxis-annegrayer.de\/index.php?rest_route=%2Fwp%2Fv2%2Fmedia&parent=210"}],"curies":[{"name":"wp","href":"https:\/\/api.w.org\/{rel}","templated":true}]}}