{"id":226,"date":"2020-09-20T10:47:09","date_gmt":"2020-09-20T10:47:09","guid":{"rendered":"http:\/\/wp.naturheilpraxis-annegrayer.de\/?page_id=226"},"modified":"2021-02-17T19:48:48","modified_gmt":"2021-02-17T19:48:48","slug":"clone-of-bewango","status":"publish","type":"page","link":"https:\/\/www.naturheilpraxis-annegrayer.de\/?page_id=226","title":{"rendered":"Instant Change Methode"},"content":{"rendered":"<h2 style=\"\">Was ist die Instant Change Methode? (ICM)<\/h2>\n<p style=\"\"><a href=\"https:\/\/www.instant-change.com\" target=\"_blank\" rel=\"noopener noreferrer\">Instant Change<\/a> ist eine schnell wirkende und effektive Methode, um <strong>Blockaden<\/strong>,&nbsp;<strong>\u00c4ngste<\/strong>, negative&nbsp;<strong>Verhaltensweise<\/strong> zu l\u00f6sen &#8230; um Ihre Lebensqualit\u00e4t zu verbessern und Ziele zu erreichen!&nbsp;<\/p>\n<p style=\"\">Basiert auf <strong>Quantenphysik<\/strong> und <strong>Neurowissenschaften<\/strong> &#8211; Mit gleichzeitiger Wirkung auf: Unterbewu\u00dftsein, Zellinformation und Energiefeld&nbsp;<\/p>\n<p style=\"\"><strong><span style=\"color: rgb(10, 23, 69);\">Gut zu wissen:<\/span><span style=\"color: var(ca1c1);\">&nbsp;<\/span><\/strong>Um Ergebnisse zu sehen, und zu f\u00fchlen, brauchen Sie nur 3 Sitzungen a 20 Minuten &#8211; auch per Video Anruf m\u00f6glich.<\/p>\n<h2 style=\"\"><strong>ICM re-informiert Dein gesamtes System in nur 3 Schritten<\/strong><\/h2>\n<p style=\"\">Wenn die folgenden Punkte Sie interessieren und auf Sie zutreffen, dann ist Bewango die L\u00f6sung f\u00fcr Sie!&nbsp;<\/p>\n<p>01<\/p>\n<p style=\"font-size: 18px !important;\"><strong>CONNECT<\/strong><\/p>\n<p style=\"font-size: 18px !important;\"><span style=\"font-size: 16px;\">Die Verbindung mit Deinem Ziel wird hergestellt.<\/span><\/p>\n<p>02<\/p>\n<p style=\"font-size: 18px !important;\"><strong>DELETE<\/strong><\/p>\n<p style=\"font-size: 18px !important;\"><strong><\/strong><span style=\"font-size: 16px;\">Die<\/span> <span style=\"font-size: 16px;\">alte, negative Emotion hinter der Blockade wird gel\u00f6st.<\/span><\/p>\n<p>03<\/p>\n<p style=\"font-size: 18px !important;\"><strong>INFORM<\/strong> <\/p>\n<p style=\"font-size: 18px !important;\"><span style=\"\">Der Zielzustand, also neue, starke und positive<\/span> <span style=\"\">\u00dcberzeugungen &amp; Informationen werden im gesamten System verankert.<\/span><\/p>\n<h2 style=\"\">Sie sind von Instant Change begeistert<\/h2>\n<p><span><img decoding=\"async\" alt=\"\" data-id=\"514\" width=\"435\" data-init-width=\"1206\" height=\"433\" data-init-height=\"1201\" title=\"_F2D2215_SW - copie\" loading=\"lazy\" src=\"\/\/wp.naturheilpraxis-annegrayer.de\/wp-content\/uploads\/2021\/02\/F2D2215_SW-copie.jpg\" data-width=\"435\" data-height=\"433\"><\/span><\/p>\n<h3 style=\"\"><strong>L\u00f6se Deine Blockaden<\/strong><\/h3>\n<p>Buche Jetzt Dein kostenloses Beratungsgespr\u00e4ch!<\/p>\n<h3 style=\"color: var(--tcb-skin-color-22)  !important; --tcb-applied-color:  var$(--tcb-skin-color-22)  !important;\"><strong>Du willst mehr erfahren?<\/strong><\/h3>\n<p style=\"\">Guck mal hier rein &#8211; beim Entwickler der Methode!<\/p>\n<p><span><img decoding=\"async\" alt=\"\" data-id=\"230\" width=\"130\" data-init-width=\"3855\" height=\"73\" data-init-height=\"2167\" title=\"IC-Logo-transparent-1\" loading=\"lazy\" src=\"\/\/wp.naturheilpraxis-annegrayer.de\/wp-content\/uploads\/2020\/09\/IC-Logo-transparent-1.png\" data-width=\"130\" data-height=\"73\"><\/span><\/p>\n","protected":false},"excerpt":{"rendered":"<p>Was ist die Instant Change Methode? (ICM) Instant Change ist eine schnell wirkende und effektive Methode, um Blockaden,&nbsp;\u00c4ngste, negative&nbsp;Verhaltensweise zu l\u00f6sen &#8230; um Ihre Lebensqualit\u00e4t zu verbessern und Ziele zu erreichen!&nbsp; Basiert auf Quantenphysik und Neurowissenschaften &#8211; Mit gleichzeitiger Wirkung auf: Unterbewu\u00dftsein, Zellinformation und Energiefeld&nbsp; Gut zu wissen:&nbsp;Um Ergebnisse zu sehen, und zu f\u00fchlen, brauchen [&hellip;]<\/p>\n","protected":false},"author":1,"featured_media":0,"parent":0,"menu_order":0,"comment_status":"closed","ping_status":"closed","template":"","meta":{"footnotes":""},"class_list":["post-226","page","type-page","status-publish","hentry","post-wrapper","thrv_wrapper"],"_links":{"self":[{"href":"https:\/\/www.naturheilpraxis-annegrayer.de\/index.php?rest_route=\/wp\/v2\/pages\/226","targetHints":{"allow":["GET"]}}],"collection":[{"href":"https:\/\/www.naturheilpraxis-annegrayer.de\/index.php?rest_route=\/wp\/v2\/pages"}],"about":[{"href":"https:\/\/www.naturheilpraxis-annegrayer.de\/index.php?rest_route=\/wp\/v2\/types\/page"}],"author":[{"embeddable":true,"href":"https:\/\/www.naturheilpraxis-annegrayer.de\/index.php?rest_route=\/wp\/v2\/users\/1"}],"replies":[{"embeddable":true,"href":"https:\/\/www.naturheilpraxis-annegrayer.de\/index.php?rest_route=%2Fwp%2Fv2%2Fcomments&post=226"}],"version-history":[{"count":33,"href":"https:\/\/www.naturheilpraxis-annegrayer.de\/index.php?rest_route=\/wp\/v2\/pages\/226\/revisions"}],"predecessor-version":[{"id":1010,"href":"https:\/\/www.naturheilpraxis-annegrayer.de\/index.php?rest_route=\/wp\/v2\/pages\/226\/revisions\/1010"}],"wp:attachment":[{"href":"https:\/\/www.naturheilpraxis-annegrayer.de\/index.php?rest_route=%2Fwp%2Fv2%2Fmedia&parent=226"}],"curies":[{"name":"wp","href":"https:\/\/api.w.org\/{rel}","templated":true}]}}