{"id":589,"date":"2021-02-07T21:48:04","date_gmt":"2021-02-07T21:48:04","guid":{"rendered":"http:\/\/wp.naturheilpraxis-annegrayer.de\/?page_id=589"},"modified":"2021-02-17T20:03:03","modified_gmt":"2021-02-17T20:03:03","slug":"clone-of-bewango-2","status":"publish","type":"page","link":"https:\/\/www.naturheilpraxis-annegrayer.de\/?page_id=589","title":{"rendered":"Pers\u00f6nlichkeitsentwicklung"},"content":{"rendered":"<h2 style=\"\">Pers\u00f6nlichkeitsentwicklung &#8211; Die Zeit ist jetzt!<\/h2>\n<h3 style=\"\">Nicht unbedingt der Beste sein, aber der Beste der DU sein kannst<\/h3>\n<p style=\"text-align: justify;\">Einfach? Ja das ist es! Und das ist genau das, was wir f\u00fcr&nbsp;<strong>Ihre Gesundheit<\/strong>&nbsp;und&nbsp;<strong>Ihre Zukunft<\/strong>&nbsp;machen werden.In einem Gespr\u00e4ch lernen wir uns kennen. Wir setzen Ziele fest und ich helfe Ihnen diese Ziele zu erreichen&#8230;nicht mehr, aber auch nicht weniger.<\/p>\n<p style=\"text-align: justify;\">Meine Erfahrung ist die Grundlage unserer Zusammenarbeit. Wenn Sie Ziele haben aber noch nicht wissen, wie Sie diese erreichen k\u00f6nnen, dann ist&nbsp;<strong>JETZT der richtige Zeitpunkt<\/strong>, mich zu kontaktieren.<\/p>\n<h2 style=\"\"><strong>Angebotene Methoden<\/strong><\/h2>\n<p style=\"\">In meiner Naturheilpraxis in Oberursel, nahe Frankfurt, biete ich Ihnen folgende Methoden an f\u00fcr ein ganzheitliches Training f\u00fcr K\u00f6rper, Geist und Seele:<\/p>\n<p>01<\/p>\n<p style=\"text-align: center;\"><strong>YOGA<\/strong><\/p>\n<p style=\"text-align: center;\"><span style=\"\">Balsam f\u00fcr die Nerven, Kraft, Flexibilit\u00e4t, Wohlbefinden, Ruhe und Gelassenheit.<\/span><\/p>\n<p style=\"text-align: center;\">.<\/p>\n<p>02<\/p>\n<p style=\"text-align: center;\"><strong>BEWANGO<\/strong><\/p>\n<p style=\"text-align: center;\"><span style=\"\">Das t\u00e4gliche Gehirntraining.<\/span><\/p>\n<p style=\"text-align: center;\">\n<p><span><img decoding=\"async\" alt=\"\" data-id=\"218\" width=\"187\" data-init-width=\"930\" height=\"35\" data-init-height=\"172\" title=\"bewango-Logo\" loading=\"lazy\" src=\"\/\/wp.naturheilpraxis-annegrayer.de\/wp-content\/uploads\/2020\/09\/bewango-Logo.png\" data-width=\"187\" data-height=\"35\"><\/span>03<\/p>\n<p style=\"text-align: center;\"><strong>INSTANT CHANGE<\/strong><\/p>\n<p style=\"text-align: center;\">L\u00f6se Deine Blockaden.<\/p>\n<p><span><img decoding=\"async\" alt=\"\" data-id=\"231\" width=\"115\" data-init-width=\"3855\" height=\"65\" data-init-height=\"2167\" title=\"IC-Logo-transparent-1\" loading=\"lazy\" src=\"\/\/wp.naturheilpraxis-annegrayer.de\/wp-content\/uploads\/2020\/09\/IC-Logo-transparent-1-1.png\" data-width=\"115\" data-height=\"65\"><\/span><\/p>\n<h3 style=\"\"><strong>Definieren wir Ihre Ziele!<\/strong><\/h3>\n<p>Erkl\u00e4ren Sie mir, was Sie erreichen wollen und wir finden gemeinsam die Methode, die zu Ihnen passt.<\/p>\n","protected":false},"excerpt":{"rendered":"<p>Pers\u00f6nlichkeitsentwicklung &#8211; Die Zeit ist jetzt! Nicht unbedingt der Beste sein, aber der Beste der DU sein kannst Einfach? Ja das ist es! Und das ist genau das, was wir f\u00fcr&nbsp;Ihre Gesundheit&nbsp;und&nbsp;Ihre Zukunft&nbsp;machen werden.In einem Gespr\u00e4ch lernen wir uns kennen. Wir setzen Ziele fest und ich helfe Ihnen diese Ziele zu erreichen&#8230;nicht mehr, aber auch [&hellip;]<\/p>\n","protected":false},"author":1,"featured_media":0,"parent":0,"menu_order":0,"comment_status":"closed","ping_status":"closed","template":"","meta":{"footnotes":"","tve_updated_post":"","tve_custom_css":"","tve_user_custom_css":"","tve_globals":{},"tcb2_ready":1,"tcb_editor_enabled":1,"tve_landing_page":"tcb2-blank-page","_tve_header":"14","_tve_footer":"15"},"class_list":["post-589","page","type-page","status-publish","hentry","post-wrapper","thrv_wrapper"],"_links":{"self":[{"href":"https:\/\/www.naturheilpraxis-annegrayer.de\/index.php?rest_route=\/wp\/v2\/pages\/589","targetHints":{"allow":["GET"]}}],"collection":[{"href":"https:\/\/www.naturheilpraxis-annegrayer.de\/index.php?rest_route=\/wp\/v2\/pages"}],"about":[{"href":"https:\/\/www.naturheilpraxis-annegrayer.de\/index.php?rest_route=\/wp\/v2\/types\/page"}],"author":[{"embeddable":true,"href":"https:\/\/www.naturheilpraxis-annegrayer.de\/index.php?rest_route=\/wp\/v2\/users\/1"}],"replies":[{"embeddable":true,"href":"https:\/\/www.naturheilpraxis-annegrayer.de\/index.php?rest_route=%2Fwp%2Fv2%2Fcomments&post=589"}],"version-history":[{"count":20,"href":"https:\/\/www.naturheilpraxis-annegrayer.de\/index.php?rest_route=\/wp\/v2\/pages\/589\/revisions"}],"predecessor-version":[{"id":1025,"href":"https:\/\/www.naturheilpraxis-annegrayer.de\/index.php?rest_route=\/wp\/v2\/pages\/589\/revisions\/1025"}],"wp:attachment":[{"href":"https:\/\/www.naturheilpraxis-annegrayer.de\/index.php?rest_route=%2Fwp%2Fv2%2Fmedia&parent=589"}],"curies":[{"name":"wp","href":"https:\/\/api.w.org\/{rel}","templated":true}]}}